{"id":148,"date":"2025-02-21T10:58:23","date_gmt":"2025-02-21T13:58:23","guid":{"rendered":"https:\/\/atyca.tur.ar\/?page_id=148"},"modified":"2025-03-02T11:26:08","modified_gmt":"2025-03-02T14:26:08","slug":"turismo-emisivo","status":"publish","type":"page","link":"https:\/\/atyca.tur.ar\/en\/turismo-emisivo\/","title":{"rendered":"Outbound Tourism"},"content":{"rendered":"<div class=\"wp-block-cover alignfull is-light is-style-hero-2 has-base-color has-text-color has-link-color wp-elements-d99c2584b356efe94ed65456fa9170ed\"><span aria-hidden=\"true\" class=\"wp-block-cover__background has-accent-background-color has-background-dim-100 has-background-dim\"><\/span><div class=\"wp-block-cover__inner-container is-layout-constrained wp-block-cover-is-layout-constrained\">\n<h1 class=\"wp-block-heading has-text-align-left has-xxx-large-font-size\">Outbound Tourism<\/h1>\n\n\n\n<p class=\"has-medium-font-size\">Destinations outside Argentina<\/p>\n<\/div><\/div>\n\n\n\n<section class=\"wp-block-group is-layout-constrained wp-block-group-is-layout-constrained\">\n<div class=\"wp-block-columns is-layout-flex wp-container-core-columns-is-layout-cf05694f wp-block-columns-is-layout-flex\">\n<div class=\"wp-block-column is-layout-flow wp-block-column-is-layout-flow\">\n<h2 class=\"wp-block-heading linea-debajo\">Operador mayorista receptivo y emisivo en Argentina<\/h2>\n\n\n\n<p>Atyca es una empresa de viajes y turismo Argentina, que opera como Mayorista desde el a\u00f1o 2007. Sus oficinas se encuentran en el centro de la Ciudad Aut\u00f3noma de Buenos Aires.<\/p>\n\n\n\n<p>Est\u00e1 integrada por un equipo de profesionales con amplia trayectoria, conocimiento y experiencia en el mundo del turismo. Cuenta con la infraestructura y tecnolog\u00eda necesaria, para desarrollar de manera minuciosa, su especialidad de viajes dentro de Argentina, como tambi\u00e9n en Chile, Uruguay y Brasil.<\/p>\n\n\n\n<p>El grupo humano que la conforma, pilar fundamental de su \u00e9xito a\u00f1o tras a\u00f1o, est\u00e1 preparado para asesorar, contener, y responder de manera adecuada y r\u00e1pida, a las exigencias de sus clientes; asumiendo el compromiso de brindar todo su conocimiento y \u00e9tica profesional, y persiguiendo siempre el objetivo de marcar la diferencia en todo momento.<\/p>\n\n\n\n<p>Para conocer m\u00e1s a cerca de Atyca, los invitamos a tomar contacto con los siguientes correos electr\u00f3nicos:<\/p>\n\n\n\n<div class=\"wp-block-columns is-layout-flex wp-container-core-columns-is-layout-28f84493 wp-block-columns-is-layout-flex\">\n<div class=\"wp-block-column is-layout-flow wp-block-column-is-layout-flow\">\n<h4 class=\"wp-block-heading\">Inbound Tourism<\/h4>\n\n\n\n<p>Pablo Martin<br>Director Comercial<br>pablo.martin@atyca.tur.ar<\/p>\n<\/div>\n\n\n\n<div class=\"wp-block-column is-layout-flow wp-block-column-is-layout-flow\">\n<h4 class=\"wp-block-heading\">Outbound Tourism<\/h4>\n\n\n\n<p>Diego Gutierrez<br>Director Comercial<br>diego.gutierrez@atyca.tur.ar<\/p>\n<\/div>\n<\/div>\n<\/div>\n\n\n\n<div class=\"wp-block-column is-layout-flow wp-block-column-is-layout-flow\">\t\t<div id=\"m3contacts_Emisivo\" class=\"m3contacts_wrapper\">\n\t\t\t<form name=\"m3contacts_emisivo\" id=\"m3contacts_emisivo\" class=\"m3contacts m3send\" action=\"\" method=\"post\" enctype=\"multipart\/form-data\" data-trp-original-action=\"\">\n\t\t\t\t<div class=\"fields-two\">\n\t\t\t\t\t<input type=\"text\" name=\"firstname\" placeholder=\"Nombre\" required>\n\t\t\t\t\t<input type=\"text\" name=\"lastname\" placeholder=\"Apellido\" required>\n\t\t\t\t<\/div>\n\t\t\t\t<div class=\"fields-two\">\n\t\t\t\t\t<input type=\"email\" name=\"email\" placeholder=\"Email\" required>\n\t\t\t\t\t<input type=\"text\" name=\"phone\" placeholder=\"Tel\u00e9fono\" required>\n\t\t\t\t<\/div>\n\t\t\t\t<input type=\"text\" name=\"country\" placeholder=\"Pa\u00eds\" required>\n\t\t\t\t<input type=\"text\" name=\"company\" placeholder=\"Company\" required>\n\t\t\t\t<input type=\"text\" name=\"subject\" placeholder=\"Asunto\" required>\n\t\t\t\t<textarea name=\"message\" rows=\"8\" placeholder=\"Consulta\" required><\/textarea>\n\t\t\t\t<input type=\"hidden\" name=\"utm_source\" value=\"\">\n\t\t\t\t<input type=\"hidden\" name=\"utm_medium\" value=\"\">\n\t\t\t\t<input type=\"hidden\" name=\"utm_campaign\" value=\"\">\n\t\t\t\t<input type=\"hidden\" name=\"utm_term\" value=\"\">\n\t\t\t\t<input type=\"hidden\" name=\"utm_content\" value=\"\">\n\t\t\t\t<input type=\"hidden\" name=\"notify\" value=\"yes\">\n\t\t\t\t<input type=\"hidden\" name=\"tymsg\" value=\"Tu mensaje ha sido enviado exitosamente. Responderemos el mismo a la brevedad. Muchas gracias.\">\n\t\t\t\t<input type=\"hidden\" name=\"page\" value=\"Turismo Emisivo\">\n\t\t\t\t<input type=\"hidden\" name=\"url\" value=\"https:\/\/atyca.tur.ar\/en\/turismo-emisivo\/\">\n\t\t\t\t<input type=\"hidden\" name=\"form_id\" value=\"Emisivo\">\n\t\t\t\t<input type=\"hidden\" name=\"action\" value=\"m3contacts_send\">\n\t\t\t\t<input type=\"submit\" value=\"Enviar consulta\">\n\t\t\t<input type=\"hidden\" name=\"trp-form-language\" value=\"en\"\/><\/form>\n\t\t<\/div>\n\t\t\n<\/div>\n<\/div>\n\n\n\n<div style=\"height:39px\" aria-hidden=\"true\" class=\"wp-block-spacer\"><\/div>\n<\/section>\n\n\n\n<p><\/p>","protected":false},"excerpt":{"rendered":"<p>Operador mayorista receptivo y emisivo en Argentina Atyca es una empresa de viajes y turismo Argentina, que opera como Mayorista desde el a\u00f1o 2007. Sus oficinas se encuentran en el centro de la Ciudad Aut\u00f3noma de Buenos Aires. Est\u00e1 integrada por un equipo de profesionales con amplia trayectoria, conocimiento y experiencia en el mundo del [&hellip;]<\/p>","protected":false},"author":1,"featured_media":0,"parent":0,"menu_order":0,"comment_status":"closed","ping_status":"closed","template":"","meta":{"_acf_changed":false,"footnotes":""},"class_list":["post-148","page","type-page","status-publish","hentry"],"acf":[],"_links":{"self":[{"href":"https:\/\/atyca.tur.ar\/en\/wp-json\/wp\/v2\/pages\/148","targetHints":{"allow":["GET"]}}],"collection":[{"href":"https:\/\/atyca.tur.ar\/en\/wp-json\/wp\/v2\/pages"}],"about":[{"href":"https:\/\/atyca.tur.ar\/en\/wp-json\/wp\/v2\/types\/page"}],"author":[{"embeddable":true,"href":"https:\/\/atyca.tur.ar\/en\/wp-json\/wp\/v2\/users\/1"}],"replies":[{"embeddable":true,"href":"https:\/\/atyca.tur.ar\/en\/wp-json\/wp\/v2\/comments?post=148"}],"version-history":[{"count":4,"href":"https:\/\/atyca.tur.ar\/en\/wp-json\/wp\/v2\/pages\/148\/revisions"}],"predecessor-version":[{"id":468,"href":"https:\/\/atyca.tur.ar\/en\/wp-json\/wp\/v2\/pages\/148\/revisions\/468"}],"wp:attachment":[{"href":"https:\/\/atyca.tur.ar\/en\/wp-json\/wp\/v2\/media?parent=148"}],"curies":[{"name":"wp","href":"https:\/\/api.w.org\/{rel}","templated":true}]}}