{"id":93,"date":"2025-02-09T15:26:07","date_gmt":"2025-02-09T18:26:07","guid":{"rendered":"https:\/\/atyca.tur.ar\/?page_id=93"},"modified":"2025-04-23T11:59:58","modified_gmt":"2025-04-23T14:59:58","slug":"circuitos","status":"publish","type":"page","link":"https:\/\/atyca.tur.ar\/en\/circuitos\/","title":{"rendered":"Circuits"},"content":{"rendered":"<div class=\"wp-block-cover alignfull is-light is-style-hero-1 has-base-color has-text-color has-link-color wp-elements-ff2aaa429dfce435da3d0f2bc9c6c985 wp-duotone-grayscale\"><img decoding=\"async\" class=\"wp-block-cover__image-background wp-image-174\" alt=\"\" src=\"https:\/\/atyca.tur.ar\/wp-content\/uploads\/destinos-03.jpg\" data-object-fit=\"cover\"\/><span aria-hidden=\"true\" class=\"wp-block-cover__background has-contrast-background-color has-background-dim-0 has-background-dim\"><\/span><div class=\"wp-block-cover__inner-container is-layout-constrained wp-block-cover-is-layout-constrained\">\n<h1 class=\"wp-block-heading has-text-align-left has-base-color has-text-color has-link-color has-xxx-large-font-size wp-elements-676367dfc0015f2c27dfd77c2aa1933d\">Circuits<\/h1>\n\n\n\n<p class=\"has-medium-font-size\">Los mejores circuitos de Argentina y el mundo<\/p>\n<\/div><\/div>\n\n\n\n<div class=\"wp-block-group is-layout-constrained wp-block-group-is-layout-constrained\" style=\"padding-top:var(--wp--preset--spacing--80);padding-bottom:var(--wp--preset--spacing--80)\"><ul class=\"products circuitos\"><li class=\"product post-63\"><div class=\"product-img-wrapper\"><a href=\"https:\/\/atyca.tur.ar\/en\/circuitos\/argentina-imperdible-16-dias\/\"><img loading=\"lazy\" decoding=\"async\" width=\"1024\" height=\"576\" src=\"https:\/\/atyca.tur.ar\/wp-content\/uploads\/demo-buenos-aires-1024x576.jpg\" class=\"attachment-large size-large wp-post-image\" alt=\"\" srcset=\"https:\/\/atyca.tur.ar\/wp-content\/uploads\/demo-buenos-aires-1024x576.jpg 1024w, https:\/\/atyca.tur.ar\/wp-content\/uploads\/demo-buenos-aires-300x169.jpg 300w, https:\/\/atyca.tur.ar\/wp-content\/uploads\/demo-buenos-aires-768x432.jpg 768w, https:\/\/atyca.tur.ar\/wp-content\/uploads\/demo-buenos-aires-1536x864.jpg 1536w, https:\/\/atyca.tur.ar\/wp-content\/uploads\/demo-buenos-aires.jpg 1920w\" sizes=\"auto, (max-width: 1024px) 100vw, 1024px\" \/><\/a><\/div><div class=\"product-content-wrapper\"><span><a href=\"https:\/\/atyca.tur.ar\/en\/circuitos\/argentina-imperdible-16-dias\/\"><h3>Argentina imperdible 16 d\u00edas<\/h3><\/a><p class=\"bajada\">Buenos Aires - Ushuaia - Calafate - Bariloche - Iguaz\u00fa<\/p><\/span><ul class=\"product-bullets\"><li><svg id=\"Layer_4\" enable-background=\"new 0 0 24 24\" viewbox=\"0 0 24 24\" xmlns=\"http:\/\/www.w3.org\/2000\/svg\"><g><path d=\"m12 0c-6.617 0-12 5.383-12 12s5.383 12 12 12 12-5.383 12-12-5.383-12-12-12zm5.707 18.207c-.195.195-.451.293-.707.293s-.512-.098-.707-.293l-5-5c-.188-.187-.293-.441-.293-.707v-6.5c0-.553.448-1 1-1s1 .447 1 1v6.086l4.707 4.707c.391.391.391 1.023 0 1.414z\"\/><\/g><\/svg><span>16 d\u00edas 15 noches<\/span><\/li><\/ul><\/div><\/li><li class=\"product post-492\"><div class=\"product-img-wrapper\"><a href=\"https:\/\/atyca.tur.ar\/en\/circuitos\/argentina-imperdible-ii\/\"><img loading=\"lazy\" decoding=\"async\" width=\"1024\" height=\"575\" src=\"https:\/\/atyca.tur.ar\/wp-content\/uploads\/puerto-madero-entrada-1024x575.jpg\" class=\"attachment-large size-large wp-post-image\" alt=\"\" srcset=\"https:\/\/atyca.tur.ar\/wp-content\/uploads\/puerto-madero-entrada-1024x575.jpg 1024w, https:\/\/atyca.tur.ar\/wp-content\/uploads\/puerto-madero-entrada-300x169.jpg 300w, https:\/\/atyca.tur.ar\/wp-content\/uploads\/puerto-madero-entrada-768x432.jpg 768w, https:\/\/atyca.tur.ar\/wp-content\/uploads\/puerto-madero-entrada-1536x863.jpg 1536w, https:\/\/atyca.tur.ar\/wp-content\/uploads\/puerto-madero-entrada.jpg 1920w\" sizes=\"auto, (max-width: 1024px) 100vw, 1024px\" \/><\/a><\/div><div class=\"product-content-wrapper\"><span><a href=\"https:\/\/atyca.tur.ar\/en\/circuitos\/argentina-imperdible-ii\/\"><h3>Argentina Imperdible II 18 d\u00edas<\/h3><\/a><p class=\"bajada\">Buenos Aires - Puerty Madryn - Ushuaia - Calafate - Bariloche - Iguaz\u00fa<\/p><\/span><ul class=\"product-bullets\"><li><svg id=\"Layer_4\" enable-background=\"new 0 0 24 24\" viewbox=\"0 0 24 24\" xmlns=\"http:\/\/www.w3.org\/2000\/svg\"><g><path d=\"m12 0c-6.617 0-12 5.383-12 12s5.383 12 12 12 12-5.383 12-12-5.383-12-12-12zm5.707 18.207c-.195.195-.451.293-.707.293s-.512-.098-.707-.293l-5-5c-.188-.187-.293-.441-.293-.707v-6.5c0-.553.448-1 1-1s1 .447 1 1v6.086l4.707 4.707c.391.391.391 1.023 0 1.414z\"\/><\/g><\/svg><span>18 d\u00edas 17 noches<\/span><\/li><\/ul><\/div><\/li><li class=\"product post-152\"><div class=\"product-img-wrapper\"><a href=\"https:\/\/atyca.tur.ar\/en\/circuitos\/argentina-al-completo-22-dias\/\"><img loading=\"lazy\" decoding=\"async\" width=\"1024\" height=\"671\" src=\"https:\/\/atyca.tur.ar\/wp-content\/uploads\/file-20250224-083033-967-1024x671.jpg\" class=\"attachment-large size-large wp-post-image\" alt=\"\" srcset=\"https:\/\/atyca.tur.ar\/wp-content\/uploads\/file-20250224-083033-967-1024x671.jpg 1024w, https:\/\/atyca.tur.ar\/wp-content\/uploads\/file-20250224-083033-967-300x197.jpg 300w, https:\/\/atyca.tur.ar\/wp-content\/uploads\/file-20250224-083033-967-768x503.jpg 768w, https:\/\/atyca.tur.ar\/wp-content\/uploads\/file-20250224-083033-967-1536x1007.jpg 1536w, https:\/\/atyca.tur.ar\/wp-content\/uploads\/file-20250224-083033-967.jpg 2048w\" sizes=\"auto, (max-width: 1024px) 100vw, 1024px\" \/><\/a><\/div><div class=\"product-content-wrapper\"><span><a href=\"https:\/\/atyca.tur.ar\/en\/circuitos\/argentina-al-completo-22-dias\/\"><h3>Argentina al completo 22 d\u00edas<\/h3><\/a><p class=\"bajada\">Buenos Aires - Puerty Madryn - Ushuaia - Calafate - Bariloche - Noroeste Argentino - Iguaz\u00fa<\/p><\/span><ul class=\"product-bullets\"><li><svg id=\"Layer_4\" enable-background=\"new 0 0 24 24\" viewbox=\"0 0 24 24\" xmlns=\"http:\/\/www.w3.org\/2000\/svg\"><g><path d=\"m12 0c-6.617 0-12 5.383-12 12s5.383 12 12 12 12-5.383 12-12-5.383-12-12-12zm5.707 18.207c-.195.195-.451.293-.707.293s-.512-.098-.707-.293l-5-5c-.188-.187-.293-.441-.293-.707v-6.5c0-.553.448-1 1-1s1 .447 1 1v6.086l4.707 4.707c.391.391.391 1.023 0 1.414z\"\/><\/g><\/svg><span>22 d\u00edas 21 noches<\/span><\/li><\/ul><\/div><\/li><li class=\"product post-157\"><div class=\"product-img-wrapper\"><a href=\"https:\/\/atyca.tur.ar\/en\/circuitos\/argentina-inolvidable\/\"><img loading=\"lazy\" decoding=\"async\" width=\"1024\" height=\"576\" src=\"https:\/\/atyca.tur.ar\/wp-content\/uploads\/iguazu-cataratas-2-1024x576.jpg\" class=\"attachment-large size-large wp-post-image\" alt=\"\" srcset=\"https:\/\/atyca.tur.ar\/wp-content\/uploads\/iguazu-cataratas-2-1024x576.jpg 1024w, https:\/\/atyca.tur.ar\/wp-content\/uploads\/iguazu-cataratas-2-300x169.jpg 300w, https:\/\/atyca.tur.ar\/wp-content\/uploads\/iguazu-cataratas-2-768x432.jpg 768w, https:\/\/atyca.tur.ar\/wp-content\/uploads\/iguazu-cataratas-2-1536x864.jpg 1536w, https:\/\/atyca.tur.ar\/wp-content\/uploads\/iguazu-cataratas-2.jpg 1920w\" sizes=\"auto, (max-width: 1024px) 100vw, 1024px\" \/><\/a><\/div><div class=\"product-content-wrapper\"><span><a href=\"https:\/\/atyca.tur.ar\/en\/circuitos\/argentina-inolvidable\/\"><h3>Argentina Inolvidable<\/h3><\/a><p class=\"bajada\">Buenos Aires - Calafate - Iguaz\u00fa<\/p><\/span><ul class=\"product-bullets\"><li><svg id=\"Layer_4\" enable-background=\"new 0 0 24 24\" viewbox=\"0 0 24 24\" xmlns=\"http:\/\/www.w3.org\/2000\/svg\"><g><path d=\"m12 0c-6.617 0-12 5.383-12 12s5.383 12 12 12 12-5.383 12-12-5.383-12-12-12zm5.707 18.207c-.195.195-.451.293-.707.293s-.512-.098-.707-.293l-5-5c-.188-.187-.293-.441-.293-.707v-6.5c0-.553.448-1 1-1s1 .447 1 1v6.086l4.707 4.707c.391.391.391 1.023 0 1.414z\"\/><\/g><\/svg><span>10 d\u00edas 9 noches<\/span><\/li><\/ul><\/div><\/li><li class=\"product post-530\"><div class=\"product-img-wrapper\"><a href=\"https:\/\/atyca.tur.ar\/en\/circuitos\/buenos-aires-noroeste-argentino-iguazu\/\"><img loading=\"lazy\" decoding=\"async\" width=\"1024\" height=\"575\" src=\"https:\/\/atyca.tur.ar\/wp-content\/uploads\/cerro-7-colores-a-1024x575.jpg\" class=\"attachment-large size-large wp-post-image\" alt=\"\" srcset=\"https:\/\/atyca.tur.ar\/wp-content\/uploads\/cerro-7-colores-a-1024x575.jpg 1024w, https:\/\/atyca.tur.ar\/wp-content\/uploads\/cerro-7-colores-a-300x169.jpg 300w, https:\/\/atyca.tur.ar\/wp-content\/uploads\/cerro-7-colores-a-768x432.jpg 768w, https:\/\/atyca.tur.ar\/wp-content\/uploads\/cerro-7-colores-a-1536x863.jpg 1536w, https:\/\/atyca.tur.ar\/wp-content\/uploads\/cerro-7-colores-a-18x10.jpg 18w, https:\/\/atyca.tur.ar\/wp-content\/uploads\/cerro-7-colores-a.jpg 1600w\" sizes=\"auto, (max-width: 1024px) 100vw, 1024px\" \/><\/a><\/div><div class=\"product-content-wrapper\"><span><a href=\"https:\/\/atyca.tur.ar\/en\/circuitos\/buenos-aires-noroeste-argentino-iguazu\/\"><h3>Buenos Aires - Noroeste Argentino - Iguaz\u00fa<\/h3><\/a><\/span><ul class=\"product-bullets\"><li><svg id=\"Layer_4\" enable-background=\"new 0 0 24 24\" viewbox=\"0 0 24 24\" xmlns=\"http:\/\/www.w3.org\/2000\/svg\"><g><path d=\"m12 0c-6.617 0-12 5.383-12 12s5.383 12 12 12 12-5.383 12-12-5.383-12-12-12zm5.707 18.207c-.195.195-.451.293-.707.293s-.512-.098-.707-.293l-5-5c-.188-.187-.293-.441-.293-.707v-6.5c0-.553.448-1 1-1s1 .447 1 1v6.086l4.707 4.707c.391.391.391 1.023 0 1.414z\"\/><\/g><\/svg><span>11 d\u00edas 10 noches<\/span><\/li><\/ul><\/div><\/li><li class=\"product post-161\"><div class=\"product-img-wrapper\"><a href=\"https:\/\/atyca.tur.ar\/en\/circuitos\/argentina-uruguay\/\"><img loading=\"lazy\" decoding=\"async\" width=\"1024\" height=\"683\" src=\"https:\/\/atyca.tur.ar\/wp-content\/uploads\/montevideo-1-1024x683.jpg\" class=\"attachment-large size-large wp-post-image\" alt=\"\" srcset=\"https:\/\/atyca.tur.ar\/wp-content\/uploads\/montevideo-1-1024x683.jpg 1024w, https:\/\/atyca.tur.ar\/wp-content\/uploads\/montevideo-1-300x200.jpg 300w, https:\/\/atyca.tur.ar\/wp-content\/uploads\/montevideo-1-768x512.jpg 768w, https:\/\/atyca.tur.ar\/wp-content\/uploads\/montevideo-1.jpg 1200w\" sizes=\"auto, (max-width: 1024px) 100vw, 1024px\" \/><\/a><\/div><div class=\"product-content-wrapper\"><span><a href=\"https:\/\/atyca.tur.ar\/en\/circuitos\/argentina-uruguay\/\"><h3>Argentina & Uruguay<\/h3><\/a><p class=\"bajada\">Buenos Aires - Calafate - Iguaz\u00fa - Montevideo<\/p><\/span><ul class=\"product-bullets\"><li><svg id=\"Layer_4\" enable-background=\"new 0 0 24 24\" viewbox=\"0 0 24 24\" xmlns=\"http:\/\/www.w3.org\/2000\/svg\"><g><path d=\"m12 0c-6.617 0-12 5.383-12 12s5.383 12 12 12 12-5.383 12-12-5.383-12-12-12zm5.707 18.207c-.195.195-.451.293-.707.293s-.512-.098-.707-.293l-5-5c-.188-.187-.293-.441-.293-.707v-6.5c0-.553.448-1 1-1s1 .447 1 1v6.086l4.707 4.707c.391.391.391 1.023 0 1.414z\"\/><\/g><\/svg><span>12 d\u00edas 11 noches<\/span><\/li><\/ul><\/div><\/li><li class=\"product post-169\"><div class=\"product-img-wrapper\"><a href=\"https:\/\/atyca.tur.ar\/en\/circuitos\/brasil-argentina\/\"><img loading=\"lazy\" decoding=\"async\" width=\"1024\" height=\"576\" src=\"https:\/\/atyca.tur.ar\/wp-content\/uploads\/brasil-1-1024x576.jpg\" class=\"attachment-large size-large wp-post-image\" alt=\"\" srcset=\"https:\/\/atyca.tur.ar\/wp-content\/uploads\/brasil-1-1024x576.jpg 1024w, https:\/\/atyca.tur.ar\/wp-content\/uploads\/brasil-1-300x169.jpg 300w, https:\/\/atyca.tur.ar\/wp-content\/uploads\/brasil-1-768x432.jpg 768w, https:\/\/atyca.tur.ar\/wp-content\/uploads\/brasil-1-1536x864.jpg 1536w, https:\/\/atyca.tur.ar\/wp-content\/uploads\/brasil-1-2048x1152.jpg 2048w\" sizes=\"auto, (max-width: 1024px) 100vw, 1024px\" \/><\/a><\/div><div class=\"product-content-wrapper\"><span><a href=\"https:\/\/atyca.tur.ar\/en\/circuitos\/brasil-argentina\/\"><h3>Brasil & Argentina<\/h3><\/a><p class=\"bajada\">Buenos Aires - Iguaz\u00fa - R\u00edo de Janeiro<\/p><\/span><ul class=\"product-bullets\"><li><svg id=\"Layer_4\" enable-background=\"new 0 0 24 24\" viewbox=\"0 0 24 24\" xmlns=\"http:\/\/www.w3.org\/2000\/svg\"><g><path d=\"m12 0c-6.617 0-12 5.383-12 12s5.383 12 12 12 12-5.383 12-12-5.383-12-12-12zm5.707 18.207c-.195.195-.451.293-.707.293s-.512-.098-.707-.293l-5-5c-.188-.187-.293-.441-.293-.707v-6.5c0-.553.448-1 1-1s1 .447 1 1v6.086l4.707 4.707c.391.391.391 1.023 0 1.414z\"\/><\/g><\/svg><span>9 d\u00edas 8 noches<\/span><\/li><\/ul><\/div><\/li><li class=\"product post-141\"><div class=\"product-img-wrapper\"><a href=\"https:\/\/atyca.tur.ar\/en\/circuitos\/peru-argentina\/\"><img loading=\"lazy\" decoding=\"async\" width=\"1024\" height=\"576\" src=\"https:\/\/atyca.tur.ar\/wp-content\/uploads\/machu-pichu-1024x576.jpg\" class=\"attachment-large size-large wp-post-image\" alt=\"\" srcset=\"https:\/\/atyca.tur.ar\/wp-content\/uploads\/machu-pichu-1024x576.jpg 1024w, https:\/\/atyca.tur.ar\/wp-content\/uploads\/machu-pichu-300x169.jpg 300w, https:\/\/atyca.tur.ar\/wp-content\/uploads\/machu-pichu-768x432.jpg 768w, https:\/\/atyca.tur.ar\/wp-content\/uploads\/machu-pichu-1536x864.jpg 1536w, https:\/\/atyca.tur.ar\/wp-content\/uploads\/machu-pichu.jpg 1920w\" sizes=\"auto, (max-width: 1024px) 100vw, 1024px\" \/><\/a><\/div><div class=\"product-content-wrapper\"><span><a href=\"https:\/\/atyca.tur.ar\/en\/circuitos\/peru-argentina\/\"><h3>Per\u00fa & Argentina<\/h3><\/a><p class=\"bajada\">Lima - Cusco - Machu Picchu - Buenos Aires<\/p><\/span><ul class=\"product-bullets\"><li><svg id=\"Layer_4\" enable-background=\"new 0 0 24 24\" viewbox=\"0 0 24 24\" xmlns=\"http:\/\/www.w3.org\/2000\/svg\"><g><path d=\"m12 0c-6.617 0-12 5.383-12 12s5.383 12 12 12 12-5.383 12-12-5.383-12-12-12zm5.707 18.207c-.195.195-.451.293-.707.293s-.512-.098-.707-.293l-5-5c-.188-.187-.293-.441-.293-.707v-6.5c0-.553.448-1 1-1s1 .447 1 1v6.086l4.707 4.707c.391.391.391 1.023 0 1.414z\"\/><\/g><\/svg><span>9 d\u00edas 8 noches<\/span><\/li><\/ul><\/div><\/li><li class=\"product post-155\"><div class=\"product-img-wrapper\"><a href=\"https:\/\/atyca.tur.ar\/en\/circuitos\/buenos-aires-ushuaia-calafate-iguazu\/\"><img loading=\"lazy\" decoding=\"async\" width=\"1024\" height=\"576\" src=\"https:\/\/atyca.tur.ar\/wp-content\/uploads\/galciar-img-1024x576.jpg\" class=\"attachment-large size-large wp-post-image\" alt=\"\" srcset=\"https:\/\/atyca.tur.ar\/wp-content\/uploads\/galciar-img-1024x576.jpg 1024w, https:\/\/atyca.tur.ar\/wp-content\/uploads\/galciar-img-300x169.jpg 300w, https:\/\/atyca.tur.ar\/wp-content\/uploads\/galciar-img-768x432.jpg 768w, https:\/\/atyca.tur.ar\/wp-content\/uploads\/galciar-img.jpg 1280w\" sizes=\"auto, (max-width: 1024px) 100vw, 1024px\" \/><\/a><\/div><div class=\"product-content-wrapper\"><span><a href=\"https:\/\/atyca.tur.ar\/en\/circuitos\/buenos-aires-ushuaia-calafate-iguazu\/\"><h3>Buenos Aires - Ushuaia - Calafate - Iguaz\u00fa<\/h3><\/a><\/span><ul class=\"product-bullets\"><li><svg id=\"Layer_4\" enable-background=\"new 0 0 24 24\" viewbox=\"0 0 24 24\" xmlns=\"http:\/\/www.w3.org\/2000\/svg\"><g><path d=\"m12 0c-6.617 0-12 5.383-12 12s5.383 12 12 12 12-5.383 12-12-5.383-12-12-12zm5.707 18.207c-.195.195-.451.293-.707.293s-.512-.098-.707-.293l-5-5c-.188-.187-.293-.441-.293-.707v-6.5c0-.553.448-1 1-1s1 .447 1 1v6.086l4.707 4.707c.391.391.391 1.023 0 1.414z\"\/><\/g><\/svg><span>13 d\u00edas 12 noches<\/span><\/li><\/ul><\/div><\/li><li class=\"product post-165\"><div class=\"product-img-wrapper\"><a href=\"https:\/\/atyca.tur.ar\/en\/circuitos\/vinos\/\"><img loading=\"lazy\" decoding=\"async\" width=\"1024\" height=\"576\" src=\"https:\/\/atyca.tur.ar\/wp-content\/uploads\/chile-100-1024x576.jpg\" class=\"attachment-large size-large wp-post-image\" alt=\"\" srcset=\"https:\/\/atyca.tur.ar\/wp-content\/uploads\/chile-100-1024x576.jpg 1024w, https:\/\/atyca.tur.ar\/wp-content\/uploads\/chile-100-300x169.jpg 300w, https:\/\/atyca.tur.ar\/wp-content\/uploads\/chile-100-768x432.jpg 768w, https:\/\/atyca.tur.ar\/wp-content\/uploads\/chile-100-1536x864.jpg 1536w, https:\/\/atyca.tur.ar\/wp-content\/uploads\/chile-100.jpg 1920w\" sizes=\"auto, (max-width: 1024px) 100vw, 1024px\" \/><\/a><\/div><div class=\"product-content-wrapper\"><span><a href=\"https:\/\/atyca.tur.ar\/en\/circuitos\/vinos\/\"><h3>Vinos<\/h3><\/a><p class=\"bajada\">Santiago de Chile - Mendoza - Buenos Aires<\/p><\/span><ul class=\"product-bullets\"><li><svg id=\"Layer_4\" enable-background=\"new 0 0 24 24\" viewbox=\"0 0 24 24\" xmlns=\"http:\/\/www.w3.org\/2000\/svg\"><g><path d=\"m12 0c-6.617 0-12 5.383-12 12s5.383 12 12 12 12-5.383 12-12-5.383-12-12-12zm5.707 18.207c-.195.195-.451.293-.707.293s-.512-.098-.707-.293l-5-5c-.188-.187-.293-.441-.293-.707v-6.5c0-.553.448-1 1-1s1 .447 1 1v6.086l4.707 4.707c.391.391.391 1.023 0 1.414z\"\/><\/g><\/svg><span>10 d\u00edas 9 noches<\/span><\/li><\/ul><\/div><\/li><li class=\"product post-175\"><div class=\"product-img-wrapper\"><a href=\"https:\/\/atyca.tur.ar\/en\/circuitos\/chile-santiago-san-pedro-de-atacama\/\"><img loading=\"lazy\" decoding=\"async\" width=\"1000\" height=\"667\" src=\"https:\/\/atyca.tur.ar\/wp-content\/uploads\/salar-tara-atacama.jpg\" class=\"attachment-large size-large wp-post-image\" alt=\"\" srcset=\"https:\/\/atyca.tur.ar\/wp-content\/uploads\/salar-tara-atacama.jpg 1000w, https:\/\/atyca.tur.ar\/wp-content\/uploads\/salar-tara-atacama-300x200.jpg 300w, https:\/\/atyca.tur.ar\/wp-content\/uploads\/salar-tara-atacama-768x512.jpg 768w\" sizes=\"auto, (max-width: 1000px) 100vw, 1000px\" \/><\/a><\/div><div class=\"product-content-wrapper\"><span><a href=\"https:\/\/atyca.tur.ar\/en\/circuitos\/chile-santiago-san-pedro-de-atacama\/\"><h3>Chile: Santiago & San Pedro de Atacama<\/h3><\/a><\/span><ul class=\"product-bullets\"><li><svg id=\"Layer_4\" enable-background=\"new 0 0 24 24\" viewbox=\"0 0 24 24\" xmlns=\"http:\/\/www.w3.org\/2000\/svg\"><g><path d=\"m12 0c-6.617 0-12 5.383-12 12s5.383 12 12 12 12-5.383 12-12-5.383-12-12-12zm5.707 18.207c-.195.195-.451.293-.707.293s-.512-.098-.707-.293l-5-5c-.188-.187-.293-.441-.293-.707v-6.5c0-.553.448-1 1-1s1 .447 1 1v6.086l4.707 4.707c.391.391.391 1.023 0 1.414z\"\/><\/g><\/svg><span>8 d\u00edas 7 noches<\/span><\/li><\/ul><\/div><\/li><li class=\"product post-90\"><div class=\"product-img-wrapper\"><a href=\"https:\/\/atyca.tur.ar\/en\/circuitos\/argentina-chile-con-cruce-andino\/\"><img loading=\"lazy\" decoding=\"async\" width=\"1024\" height=\"683\" src=\"https:\/\/atyca.tur.ar\/wp-content\/uploads\/demo-santiago-chile-1024x683.jpg\" class=\"attachment-large size-large wp-post-image\" alt=\"\" srcset=\"https:\/\/atyca.tur.ar\/wp-content\/uploads\/demo-santiago-chile-1024x683.jpg 1024w, https:\/\/atyca.tur.ar\/wp-content\/uploads\/demo-santiago-chile-300x200.jpg 300w, https:\/\/atyca.tur.ar\/wp-content\/uploads\/demo-santiago-chile-768x512.jpg 768w, https:\/\/atyca.tur.ar\/wp-content\/uploads\/demo-santiago-chile-1536x1024.jpg 1536w, https:\/\/atyca.tur.ar\/wp-content\/uploads\/demo-santiago-chile-2048x1366.jpg 2048w\" sizes=\"auto, (max-width: 1024px) 100vw, 1024px\" \/><\/a><\/div><div class=\"product-content-wrapper\"><span><a href=\"https:\/\/atyca.tur.ar\/en\/circuitos\/argentina-chile-con-cruce-andino\/\"><h3>Argentina & Chile con Cruce Andino<\/h3><\/a><p class=\"bajada\">Santiago de Chile - Puerto Varas - Bariloche - Buenos Aires<\/p><\/span><ul class=\"product-bullets\"><li><svg id=\"Layer_4\" enable-background=\"new 0 0 24 24\" viewbox=\"0 0 24 24\" xmlns=\"http:\/\/www.w3.org\/2000\/svg\"><g><path d=\"m12 0c-6.617 0-12 5.383-12 12s5.383 12 12 12 12-5.383 12-12-5.383-12-12-12zm5.707 18.207c-.195.195-.451.293-.707.293s-.512-.098-.707-.293l-5-5c-.188-.187-.293-.441-.293-.707v-6.5c0-.553.448-1 1-1s1 .447 1 1v6.086l4.707 4.707c.391.391.391 1.023 0 1.414z\"\/><\/g><\/svg><span>11 d\u00edas 10 noches<\/span><\/li><\/ul><\/div><\/li><li class=\"product post-183\"><div class=\"product-img-wrapper\"><a href=\"https:\/\/atyca.tur.ar\/en\/circuitos\/crucero-fiordos-de-tierra-del-fuego\/\"><img loading=\"lazy\" decoding=\"async\" width=\"1024\" height=\"683\" src=\"https:\/\/atyca.tur.ar\/wp-content\/uploads\/crucero-fiordos-tdf-1-1024x683.jpg\" class=\"attachment-large size-large wp-post-image\" alt=\"\" srcset=\"https:\/\/atyca.tur.ar\/wp-content\/uploads\/crucero-fiordos-tdf-1-1024x683.jpg 1024w, https:\/\/atyca.tur.ar\/wp-content\/uploads\/crucero-fiordos-tdf-1-300x200.jpg 300w, https:\/\/atyca.tur.ar\/wp-content\/uploads\/crucero-fiordos-tdf-1-768x512.jpg 768w, https:\/\/atyca.tur.ar\/wp-content\/uploads\/crucero-fiordos-tdf-1.jpg 1152w\" sizes=\"auto, (max-width: 1024px) 100vw, 1024px\" \/><\/a><\/div><div class=\"product-content-wrapper\"><span><a href=\"https:\/\/atyca.tur.ar\/en\/circuitos\/crucero-fiordos-de-tierra-del-fuego\/\"><h3>Crucero Fiordos de Tierra del Fuego<\/h3><\/a><p class=\"bajada\">Punta Arenas - Ushuaia 4 noches. Crucero Ruta One Way.<\/p><\/span><ul class=\"product-bullets\"><li><svg id=\"Layer_4\" enable-background=\"new 0 0 24 24\" viewbox=\"0 0 24 24\" xmlns=\"http:\/\/www.w3.org\/2000\/svg\"><g><path d=\"m12 0c-6.617 0-12 5.383-12 12s5.383 12 12 12 12-5.383 12-12-5.383-12-12-12zm5.707 18.207c-.195.195-.451.293-.707.293s-.512-.098-.707-.293l-5-5c-.188-.187-.293-.441-.293-.707v-6.5c0-.553.448-1 1-1s1 .447 1 1v6.086l4.707 4.707c.391.391.391 1.023 0 1.414z\"\/><\/g><\/svg><span>5 d\u00edas 4 noches<\/span><\/li><\/ul><\/div><\/li><li class=\"product post-178\"><div class=\"product-img-wrapper\"><a href=\"https:\/\/atyca.tur.ar\/en\/circuitos\/crucero-en-patagonia-chilena-puerto-montt-glaciar-san-rafael\/\"><img loading=\"lazy\" decoding=\"async\" width=\"1024\" height=\"685\" src=\"https:\/\/atyca.tur.ar\/wp-content\/uploads\/chonos-rafael-11a.jpg\" class=\"attachment-large size-large wp-post-image\" alt=\"\" srcset=\"https:\/\/atyca.tur.ar\/wp-content\/uploads\/chonos-rafael-11a.jpg 1024w, https:\/\/atyca.tur.ar\/wp-content\/uploads\/chonos-rafael-11a-300x201.jpg 300w, https:\/\/atyca.tur.ar\/wp-content\/uploads\/chonos-rafael-11a-768x514.jpg 768w\" sizes=\"auto, (max-width: 1024px) 100vw, 1024px\" \/><\/a><\/div><div class=\"product-content-wrapper\"><span><a href=\"https:\/\/atyca.tur.ar\/en\/circuitos\/crucero-en-patagonia-chilena-puerto-montt-glaciar-san-rafael\/\"><h3>Crucero en Patagonia Chilena: Puerto Montt & Glaciar San Rafael<\/h3><\/a><p class=\"bajada\">Ruta Chonos: Crucero de 6 d\u00edas 5 noches. Zarpe d\u00eda s\u00e1bado, desembarque d\u00eda jueves.<\/p><\/span><ul class=\"product-bullets\"><li><svg id=\"Layer_4\" enable-background=\"new 0 0 24 24\" viewbox=\"0 0 24 24\" xmlns=\"http:\/\/www.w3.org\/2000\/svg\"><g><path d=\"m12 0c-6.617 0-12 5.383-12 12s5.383 12 12 12 12-5.383 12-12-5.383-12-12-12zm5.707 18.207c-.195.195-.451.293-.707.293s-.512-.098-.707-.293l-5-5c-.188-.187-.293-.441-.293-.707v-6.5c0-.553.448-1 1-1s1 .447 1 1v6.086l4.707 4.707c.391.391.391 1.023 0 1.414z\"\/><\/g><\/svg><span>6 d\u00edas 5 noches<\/span><\/li><\/ul><\/div><\/li><li class=\"product post-171\"><div class=\"product-img-wrapper\"><a href=\"https:\/\/atyca.tur.ar\/en\/circuitos\/chile-isla-de-pascua\/\"><img loading=\"lazy\" decoding=\"async\" width=\"1024\" height=\"576\" src=\"https:\/\/atyca.tur.ar\/wp-content\/uploads\/pascua-2-1024x576.jpg\" class=\"attachment-large size-large wp-post-image\" alt=\"\" srcset=\"https:\/\/atyca.tur.ar\/wp-content\/uploads\/pascua-2-1024x576.jpg 1024w, https:\/\/atyca.tur.ar\/wp-content\/uploads\/pascua-2-300x169.jpg 300w, https:\/\/atyca.tur.ar\/wp-content\/uploads\/pascua-2-768x432.jpg 768w, https:\/\/atyca.tur.ar\/wp-content\/uploads\/pascua-2-1536x864.jpg 1536w, https:\/\/atyca.tur.ar\/wp-content\/uploads\/pascua-2.jpg 1600w\" sizes=\"auto, (max-width: 1024px) 100vw, 1024px\" \/><\/a><\/div><div class=\"product-content-wrapper\"><span><a href=\"https:\/\/atyca.tur.ar\/en\/circuitos\/chile-isla-de-pascua\/\"><h3>Chile: Isla de Pascua<\/h3><\/a><\/span><ul class=\"product-bullets\"><li><svg id=\"Layer_4\" enable-background=\"new 0 0 24 24\" viewbox=\"0 0 24 24\" xmlns=\"http:\/\/www.w3.org\/2000\/svg\"><g><path d=\"m12 0c-6.617 0-12 5.383-12 12s5.383 12 12 12 12-5.383 12-12-5.383-12-12-12zm5.707 18.207c-.195.195-.451.293-.707.293s-.512-.098-.707-.293l-5-5c-.188-.187-.293-.441-.293-.707v-6.5c0-.553.448-1 1-1s1 .447 1 1v6.086l4.707 4.707c.391.391.391 1.023 0 1.414z\"\/><\/g><\/svg><span>4 d\u00edas 3 noches<\/span><\/li><\/ul><\/div><\/li><\/ul>\n<\/div>","protected":false},"excerpt":{"rendered":"","protected":false},"author":1,"featured_media":0,"parent":0,"menu_order":0,"comment_status":"closed","ping_status":"closed","template":"","meta":{"_acf_changed":false,"footnotes":""},"class_list":["post-93","page","type-page","status-publish","hentry"],"acf":[],"_links":{"self":[{"href":"https:\/\/atyca.tur.ar\/en\/wp-json\/wp\/v2\/pages\/93","targetHints":{"allow":["GET"]}}],"collection":[{"href":"https:\/\/atyca.tur.ar\/en\/wp-json\/wp\/v2\/pages"}],"about":[{"href":"https:\/\/atyca.tur.ar\/en\/wp-json\/wp\/v2\/types\/page"}],"author":[{"embeddable":true,"href":"https:\/\/atyca.tur.ar\/en\/wp-json\/wp\/v2\/users\/1"}],"replies":[{"embeddable":true,"href":"https:\/\/atyca.tur.ar\/en\/wp-json\/wp\/v2\/comments?post=93"}],"version-history":[{"count":8,"href":"https:\/\/atyca.tur.ar\/en\/wp-json\/wp\/v2\/pages\/93\/revisions"}],"predecessor-version":[{"id":528,"href":"https:\/\/atyca.tur.ar\/en\/wp-json\/wp\/v2\/pages\/93\/revisions\/528"}],"wp:attachment":[{"href":"https:\/\/atyca.tur.ar\/en\/wp-json\/wp\/v2\/media?parent=93"}],"curies":[{"name":"wp","href":"https:\/\/api.w.org\/{rel}","templated":true}]}}